{"id":223671,"date":"2014-01-01T07:00:52","date_gmt":"2014-01-01T05:00:52","guid":{"rendered":"https:\/\/sesanltd.com.tr\/hizmetler\/teknik-hizmetler\/"},"modified":"2025-08-12T19:36:04","modified_gmt":"2025-08-12T16:36:04","slug":"technical-services","status":"publish","type":"page","link":"https:\/\/sesanltd.com.tr\/en\/services\/technical-services\/","title":{"rendered":"Technical Services"},"content":{"rendered":"<p>[et_pb_section fb_built=&#8221;1&#8243; fullwidth=&#8221;on&#8221; admin_label=&#8221;section&#8221; _builder_version=&#8221;4.16&#8243; custom_padding=&#8221;|||&#8221; global_colors_info=&#8221;{}&#8221;][et_pb_fullwidth_header title=&#8221;@ET-DC@eyJkeW5hbWljIjp0cnVlLCJjb250ZW50IjoicG9zdF90aXRsZSIsInNldHRpbmdzIjp7ImJlZm9yZSI6IiIsImFmdGVyIjoiIn19@&#8221; scroll_down_icon_size_last_edited=&#8221;off|desktop&#8221; _builder_version=&#8221;4.16&#8243; _dynamic_attributes=&#8221;title&#8221; content_font_size_last_edited=&#8221;off|desktop&#8221; background_url=&#8221;\/wp-content\/uploads\/2017\/04\/Kurumsal-3.jpg&#8221; global_colors_info=&#8221;{}&#8221; button_one_text_size__hover_enabled=&#8221;off&#8221; button_two_text_size__hover_enabled=&#8221;off&#8221; button_one_text_color__hover_enabled=&#8221;off&#8221; button_two_text_color__hover_enabled=&#8221;off&#8221; button_one_border_width__hover_enabled=&#8221;off&#8221; button_two_border_width__hover_enabled=&#8221;off&#8221; button_one_border_color__hover_enabled=&#8221;off&#8221; button_two_border_color__hover_enabled=&#8221;off&#8221; button_one_border_radius__hover_enabled=&#8221;off&#8221; button_two_border_radius__hover_enabled=&#8221;off&#8221; button_one_letter_spacing__hover_enabled=&#8221;off&#8221; button_two_letter_spacing__hover_enabled=&#8221;off&#8221; button_one_bg_color__hover_enabled=&#8221;off&#8221; button_two_bg_color__hover_enabled=&#8221;off&#8221;][\/et_pb_fullwidth_header][\/et_pb_section][et_pb_section fb_built=&#8221;1&#8243; fullwidth=&#8221;on&#8221; _builder_version=&#8221;4.16&#8243; saved_tabs=&#8221;all&#8221; global_colors_info=&#8221;{}&#8221;][et_pb_fullwidth_menu menu_id=&#8221;8377&#8243; fullwidth_menu=&#8221;on&#8221; dropdown_menu_bg_color=&#8221;#000000&#8243; dropdown_menu_line_color=&#8221;#0c71c3&#8243; mobile_menu_bg_color=&#8221;#000000&#8243; _builder_version=&#8221;4.16&#8243; menu_font_size=&#8221;15px&#8221; menu_letter_spacing=&#8221;1px&#8221; background_color=&#8221;#000000&#8243; text_orientation=&#8221;center&#8221; background_layout=&#8221;dark&#8221; global_colors_info=&#8221;{}&#8221; custom_css_before_last_edited=&#8221;on|phone&#8221;][\/et_pb_fullwidth_menu][\/et_pb_section][et_pb_section fb_built=&#8221;1&#8243; admin_label=&#8221;section&#8221; _builder_version=&#8221;4.16&#8243; custom_padding=&#8221;|||&#8221; global_colors_info=&#8221;{}&#8221;][et_pb_row admin_label=&#8221;row&#8221; _builder_version=&#8221;4.16&#8243; background_size=&#8221;initial&#8221; background_position=&#8221;top_left&#8221; background_repeat=&#8221;repeat&#8221; custom_padding=&#8221;|||&#8221; global_colors_info=&#8221;{}&#8221;][et_pb_column type=&#8221;4_4&#8243; _builder_version=&#8221;4.16&#8243; custom_padding=&#8221;|||&#8221; global_colors_info=&#8221;{}&#8221; custom_padding__hover=&#8221;|||&#8221;][et_pb_text admin_label=&#8221;Metin&#8221; _builder_version=&#8221;4.27.4&#8243; background_size=&#8221;initial&#8221; background_position=&#8221;top_left&#8221; background_repeat=&#8221;repeat&#8221; module_alignment=&#8221;center&#8221; hover_enabled=&#8221;0&#8243; global_colors_info=&#8221;{}&#8221; sticky_enabled=&#8221;0&#8243;]<\/p>\n<h2>Technical Services<\/h2>\n<p>[\/et_pb_text][\/et_pb_column][\/et_pb_row][\/et_pb_section][et_pb_section fb_built=&#8221;1&#8243; admin_label=&#8221;section&#8221; _builder_version=&#8221;4.16&#8243; custom_padding=&#8221;|||&#8221; global_colors_info=&#8221;{}&#8221;][et_pb_row admin_label=&#8221;row&#8221; _builder_version=&#8221;4.16&#8243; background_size=&#8221;initial&#8221; background_position=&#8221;top_left&#8221; background_repeat=&#8221;repeat&#8221; custom_padding=&#8221;|||&#8221; global_colors_info=&#8221;{}&#8221;][et_pb_column type=&#8221;4_4&#8243; _builder_version=&#8221;4.16&#8243; custom_padding=&#8221;|||&#8221; global_colors_info=&#8221;{}&#8221; custom_padding__hover=&#8221;|||&#8221;][et_pb_text admin_label=&#8221;Metin&#8221; _builder_version=&#8221;4.27.0&#8243; background_size=&#8221;initial&#8221; background_position=&#8221;top_left&#8221; background_repeat=&#8221;repeat&#8221; module_alignment=&#8221;center&#8221; global_colors_info=&#8221;{}&#8221;]<\/p>\n<p><a href=\"\/hizmetlerimiz\/teknik-hizmetler\/#bakim\">Bak\u0131m<\/a><\/p>\n<p><a href=\"\/hizmetlerimiz\/teknik-hizmetler\/#destek\">Destek<\/a><\/p>\n<p><a href=\"\/hizmetlerimiz\/teknik-hizmetler\/#egitim\">E\u011fitim<\/a><\/p>\n<p><a href=\"\/hizmetlerimiz\/teknik-hizmetler\/#kalibrasyon\">Kalibrasyon<\/a><\/p>\n<p><a href=\"\/hizmetlerimiz\/teknik-hizmetler\/#kurulum\">Kurulum<\/a><\/p>\n<p><a href=\"\/hizmetlerimiz\/teknik-hizmetler\/#onarim\">Onar\u0131m<\/a><\/p>\n<p><a href=\"\/hizmetlerimiz\/teknik-hizmetler\/#yedek-cihaz\">Yedek Cihaz<\/a><\/p>\n<p>&nbsp;<\/p>\n<hr \/>\n<hr \/>\n<p>&nbsp;<\/p>\n<h3 id=\"bakim\">Bak\u0131m<\/h3>\n<p>TSE Hizmet Yeterlilik Belgesine sahip tam donan\u0131ml\u0131 teknik servisimiz ile t\u0131bbi cihazlar\u0131n bak\u0131m, ar\u0131za tespit ve onar\u0131m hizmetlerini garantili \u015fekilde vermekteyiz.<\/p>\n<p>T\u0131bbi cihazlardaki ar\u0131za riskini azaltmak i\u00e7in d\u00fczenli \u015fekilde yap\u0131lmas\u0131 gereken \u00f6nleyici bak\u0131m hizmetlerini sa\u011flamaktay\u0131z. \u00d6nleyici bak\u0131m, gelecekte olu\u015fabilecek ar\u0131zalar\u0131 ger\u00e7ekle\u015fmeden \u00f6nlemeye yarar. Hastan\u0131n, refakat\u00e7inin ve t\u0131bbi personelin g\u00fcvenli\u011fini sa\u011flar.<\/p>\n<p>Bak\u0131m periyotlar\u0131 her cihaz \u00e7e\u015fidi i\u00e7in farkl\u0131d\u0131r. 3, 6, 9 ve 12 ayl\u0131k periyotlarda cihaz bak\u0131mlar\u0131n\u0131 yap\u0131yoruz. D\u00fczenli bak\u0131mlar\u0131n yap\u0131lmas\u0131 olu\u015fabilecek maliyetli ar\u0131zalar\u0131 \u00f6nledi\u011fi i\u00e7in uzun vadede ekonomik fayda sa\u011flamaktad\u0131r. Bak\u0131m esnas\u0131nda ar\u0131za tespiti de yap\u0131ld\u0131\u011f\u0131 i\u00e7in olas\u0131 tehlikelerin ve daha masrafl\u0131 ar\u0131zalar\u0131n \u00f6n\u00fcne ge\u00e7ilebilir.<\/p>\n<p>Cihaz, seri numaras\u0131 ve k\u00fcnyesi ile raporlan\u0131r, cihaz\u0131n genel ve elektronik b\u00f6l\u00fcmlerinin temizli\u011fi yap\u0131l\u0131r, cihaz\u0131n t\u00fckenebilir par\u00e7alar\u0131 yenilenir, cihaz test edilerek kullan\u0131ma uygun olup olmad\u0131\u011f\u0131 tespit edilir ve cihaz\u0131n ar\u0131zas\u0131 varsa \u00f6nleyici bir ar\u0131za \u00e7\u00f6z\u00fcm\u00fc sa\u011flan\u0131r.<\/p>\n<p>T\u00fcm hizmetlerimizi yerel, ulusal ve uluslararas\u0131 \u00f6l\u00e7ekte sa\u011flayabilmekteyiz. Bu hizmetimiz hakk\u0131nda daha detayl\u0131 bilgi almak i\u00e7in l\u00fctfen bizimle ileti\u015fime ge\u00e7in.<\/p>\n<p>&nbsp;<\/p>\n<hr \/>\n<hr \/>\n<p>&nbsp;<\/p>\n<h3 id=\"destek\">Destek<\/h3>\n<p>Ar\u0131za, onar\u0131m veya kullan\u0131mla ilgili ya\u015fanan problemler s\u00f6z konusu oldu\u011funda servisimizde, adresinde veya uzaktan destek sa\u011flayabilmekteyiz. Bu sayede, bir\u00e7ok basit ar\u0131zay\u0131 ve kullan\u0131mdan kaynaklanan sorunu uzaktan m\u00fcdahale ederek \u00e7\u00f6zebilmekteyiz.<\/p>\n<p>G\u00f6r\u00fcnt\u00fcl\u00fc, sesli ve yaz\u0131l\u0131 g\u00f6r\u00fc\u015fme kanallar\u0131m\u0131z sayesinde ihtiya\u00e7 olan deste\u011fi an\u0131nda verebiliyoruz. Uzaktan sa\u011flanan destek hem daha h\u0131zl\u0131 hem de daha az maliyetli oldu\u011fu i\u00e7in m\u00fc\u015fteri memnuniyetini en \u00fcst seviyede tutabilmemize olanak tan\u0131yor.<\/p>\n<p>Canl\u0131 destek ve Sesan Forum platformlar\u0131m\u0131z yaz\u0131l\u0131 olarak sa\u011flad\u0131\u011f\u0131m\u0131z destekler aras\u0131nda bulunuyor. Kal\u0131c\u0131 bir kaynak olu\u015fturdu\u011fumuz i\u00e7in ihtiya\u00e7 olan bilgiye kolayca ula\u015fabilmek m\u00fcmk\u00fcn oluyor. Bu sayede, sa\u011fl\u0131k sekt\u00f6r\u00fcn\u00fcn ihtiyac\u0131 olan do\u011fru bilgi ak\u0131\u015f\u0131n\u0131 sa\u011flamay\u0131 hedefliyoruz.<\/p>\n<p>Kurumsal m\u00fc\u015fterilerimizin teknik ekiplerini uzaktan y\u00f6nlendirerek cihazlarda ya\u015fanan sorunlara h\u0131zla m\u00fcdahale edebiliyoruz. Ar\u0131zal\u0131 par\u00e7ay\u0131 uzaktan tespit ederek servis i\u015flemlerini kolayla\u015ft\u0131rabiliyoruz. Tamir ve par\u00e7a de\u011fi\u015fim i\u015flemlerini uzaktan e\u011fitim vererek ger\u00e7ekle\u015ftirebiliyoruz. Bu sayede, yurt i\u00e7indeki ve yurt d\u0131\u015f\u0131ndaki ta\u015f\u0131nmas\u0131 m\u00fcmk\u00fcn olmayan cihazlar\u0131n servis maliyetlerini ciddi \u015fekilde azaltabiliyoruz. Sadece kurumsal m\u00fc\u015fterilerimiz de\u011fil bireysel m\u00fc\u015fterilerimiz i\u00e7in de g\u00f6r\u00fcnt\u00fcl\u00fc g\u00f6r\u00fc\u015fme ile destek sa\u011flayabiliyoruz.<\/p>\n<p>T\u00fcm hizmetlerimizi yerel, ulusal ve uluslararas\u0131 \u00f6l\u00e7ekte sa\u011flayabilmekteyiz. Bu hizmetimiz hakk\u0131nda daha detayl\u0131 bilgi almak i\u00e7in l\u00fctfen bizimle ileti\u015fime ge\u00e7in.<\/p>\n<p>&nbsp;<\/p>\n<hr \/>\n<hr \/>\n<p>&nbsp;<\/p>\n<h3 id=\"egitim\">E\u011fitim<\/h3>\n<p>\u0130leti\u015fime ve bilgi payla\u015f\u0131m\u0131na \u00e7ok \u00f6nem veriyoruz. T\u00fcm ileti\u015fim kanallar\u0131n\u0131 kullanmaya \u00e7al\u0131\u015farak \u00fcyelerimiz, m\u00fc\u015fterilerimiz, bayilerimiz, tedarik\u00e7ilerimiz ve \u00e7al\u0131\u015fanlar\u0131m\u0131z aras\u0131nda s\u00fcreklili\u011fi olan bir ba\u011f kurmaya \u00e7al\u0131\u015f\u0131yoruz. \u00dccretsiz olarak d\u00fczenledi\u011fimiz e\u011fitim etkinlikleriyle de bilgimizi ve tecr\u00fcbemizi daha b\u00fcy\u00fck bir kitleye ula\u015ft\u0131rmaya \u00e7al\u0131\u015f\u0131yoruz. E\u011fitim konular\u0131n\u0131 belirlerken gelen talepleri g\u00f6z \u00f6n\u00fcnde bulunduruyoruz.<\/p>\n<p>Etkinliklerimizi, t\u00fcm sosyal medya platformlar\u0131nda ve dijital ortamlarda yay\u0131nl\u0131yoruz. \u0130nternet \u00fczerinden yapt\u0131\u011f\u0131m\u0131z canl\u0131 yay\u0131nlar\u0131 anl\u0131k olarak herkesle payla\u015f\u0131yoruz. Canl\u0131 yay\u0131n kay\u0131tlar\u0131n\u0131 sosyal medya hesaplar\u0131m\u0131zda ve web sitemizde bulabilirsiniz. Sonraki etkinliklere web sitemiz \u00fczerinden \u00fccretsiz \u015fekilde ba\u015fvuru yaparak kat\u0131l\u0131m sa\u011flayabilirsiniz.<\/p>\n<p>Etkinliklerimize g\u00f6n\u00fcll\u00fc olarak\u00a0destek vermek istiyorsan\u0131z l\u00fctfen bizimle ileti\u015fime ge\u00e7in. E\u011fitim konular\u0131 hakk\u0131ndaki fikirlerinizi, taleplerinizi veya isteklerinizi bize iletmenizi rica ederiz.<\/p>\n<p>E\u011fitim etkinlikleri d\u0131\u015f\u0131nda firmam\u0131zdan tedarik edilmi\u015f olsun veya olmas\u0131n t\u00fcm t\u0131bbi \u00fcr\u00fcnler i\u00e7in kullan\u0131m e\u011fitimlerini yerinde veya uzaktan \u00fccretsiz \u015fekilde sa\u011fl\u0131yoruz. E\u011fitim hizmetlerimiz tamamen \u00fccretsiz olarak verilmektedir.<\/p>\n<p>T\u00fcm hizmetlerimizi yerel, ulusal ve uluslararas\u0131 \u00f6l\u00e7ekte sa\u011flayabilmekteyiz. Bu hizmetimiz hakk\u0131nda daha detayl\u0131 bilgi almak i\u00e7in l\u00fctfen bizimle ileti\u015fime ge\u00e7in.<\/p>\n<p>&nbsp;<\/p>\n<hr \/>\n<hr \/>\n<p>&nbsp;<\/p>\n<h3 id=\"kalibrasyon\">Kalibrasyon<\/h3>\n<p>Belirlenmi\u015f ko\u015fullar alt\u0131nda do\u011frulu\u011fu bilinen bir referans \u00f6l\u00e7\u00fcm standard\u0131n\u0131 veya \u00f6l\u00e7\u00fcm sistemini kullanarak di\u011fer bir standart, test\/\u00f6l\u00e7\u00fc aleti ya da sistemin do\u011frulu\u011funun \u00f6l\u00e7\u00fclmesi, sapmalar\u0131n\u0131n belirlenmesi ve rapor edilmesi i\u015flemlerine kalibrasyon denir.<\/p>\n<p>\u0130nsanlar, cihazlar\u0131n yanl\u0131\u015f \u00f6l\u00e7\u00fcm yapabilece\u011fini g\u00f6z ard\u0131 etmektedir. \u00c7o\u011fu ki\u015fi taraf\u0131ndan cihazlar\u0131n \u00e7al\u0131\u015f\u0131r durumda olmas\u0131 yeterli g\u00f6r\u00fcl\u00fcr. Ar\u0131za durumunda ise servise g\u00f6nderilip tamir ettirilmesi ile yetinilir. Ancak, tamir i\u015flemlerinden sonra cihazlara kalibrasyon uygulanmal\u0131d\u0131r. Yap\u0131lan \u00f6l\u00e7\u00fcmlerde sapma varsa d\u00fczeltilmelidir.<\/p>\n<p>Her ne tipte olursa olsun t\u00fcm t\u0131bbi cihazlar belli periyotlarla kontrol edilmelidir. Kalibrasyon raporuna g\u00f6re tespit edilen sapma ve belirsizliklere dikkat edilerek kullan\u0131lmal\u0131d\u0131r. Bu durum, \u00fcr\u00fcndeki kullan\u0131m kalitesini artt\u0131rmak i\u00e7in gereklidir.<\/p>\n<p>T\u0131bbi cihaz alan\u0131nda \u00f6l\u00e7\u00fcm g\u00fcvenilirli\u011fi \u00e7ok \u00f6nemlidir. \u00d6l\u00e7\u00fcm g\u00fcvenilirli\u011fi, te\u015fhislerin do\u011fru kararla\u015ft\u0131r\u0131lmas\u0131n\u0131 ve sonu\u00e7ta uygulanacak tedavinin en iyi neticeyi vermesini sa\u011flar. 1988 y\u0131l\u0131ndan beri t\u0131bbi cihaz sekt\u00f6r\u00fcnde \u00f6zellikle teknik servis alan\u0131nda uzmanla\u015fm\u0131\u015f \u015firketimiz, bu bak\u0131\u015f a\u00e7\u0131s\u0131 ile kalibrasyon hizmetlerini organize etmektedir.<\/p>\n<p>\u015eirketimiz t\u0131bbi cihazlar\u0131n kalibrasyon hizmetlerini vermektedir. Kalibrasyon i\u015flemleri, etiket ve belge ile raporland\u0131r\u0131l\u0131r. Ekiplerimiz gerekirse cihaz\u0131n oldu\u011fu yerde test ve \u00f6l\u00e7\u00fcmleri yapabilmektedir.<\/p>\n<p>T\u00fcm hizmetlerimizi yerel, ulusal ve uluslararas\u0131 \u00f6l\u00e7ekte sa\u011flayabilmekteyiz. Bu hizmetimiz hakk\u0131nda daha detayl\u0131 bilgi almak i\u00e7in l\u00fctfen bizimle ileti\u015fime ge\u00e7in.<\/p>\n<p>&nbsp;<\/p>\n<hr \/>\n<hr \/>\n<p>&nbsp;<\/p>\n<h3 id=\"kurulum\">Kurulum<\/h3>\n<p>Cihazlar\u0131n kurulum ve kurulum sonras\u0131 gereken e\u011fitim hizmetlerini servisimizde, adresinde veya uzaktan destek vererek sa\u011flayabilmekteyiz. Kurulum i\u015flemleri uzman teknik ekibimiz taraf\u0131ndan yap\u0131lmaktad\u0131r.<\/p>\n<p>Sat\u0131\u015f\u0131n\u0131 yapt\u0131\u011f\u0131m\u0131z \u00fcr\u00fcnler d\u0131\u015f\u0131nda da \u00fccretli veya \u00fccretsiz \u015fekilde kurulum hizmeti sa\u011flamaktay\u0131z. Servis hizmeti sa\u011flad\u0131\u011f\u0131m\u0131z cihazlar\u0131n hepsinde demontaj, transfer ve montaj yapabilmekteyiz.<\/p>\n<p>Klinik, hastane, ambulans, palyatif bak\u0131m merkezi ve ev gibi yerlerde var olan sistemlere entegrasyonlar\u0131 yap\u0131lacak cihazlar\u0131n da kurulumunu ger\u00e7ekle\u015ftiriyoruz.<\/p>\n<p>T\u00fcm hizmetlerimizi yerel, ulusal ve uluslararas\u0131 \u00f6l\u00e7ekte sa\u011flayabilmekteyiz. Bu hizmetimiz hakk\u0131nda daha detayl\u0131 bilgi almak i\u00e7in l\u00fctfen bizimle ileti\u015fime ge\u00e7in.<\/p>\n<p>&nbsp;<\/p>\n<hr \/>\n<hr \/>\n<p>&nbsp;<\/p>\n<h3 id=\"onarim\">Onar\u0131m<\/h3>\n<p>TSE Hizmet Yeterlilik Belgesine sahip tam donan\u0131ml\u0131 teknik servisimiz ile t\u0131bbi cihazlar\u0131n bak\u0131m, ar\u0131za tespit ve onar\u0131m hizmetlerini garantili \u015fekilde vermekteyiz. Onar\u0131m i\u00e7in gerekli olabilecek yedek par\u00e7alar da taraf\u0131m\u0131zdan temin edilmektedir.<\/p>\n<p>Konusunda uzman ekibimiz, cihaz\u0131n oldu\u011fu yerde veya b\u00fcnyemizde bulunan teknik servisimizde, ileri teknoloji imkanlar ile onar\u0131m hizmetlerini vermektedir. \u0130\u015flemler, garantili veya garantisiz t\u00fcm cihazlar i\u00e7in b\u00fcy\u00fck bir titizlik ile taraf\u0131m\u0131zca yap\u0131lmaktad\u0131r. Sat\u0131\u015f\u0131n\u0131 yapm\u0131\u015f oldu\u011fumuz markalar\u0131n yetkili servisi olmam\u0131z m\u00fc\u015fterilerimizi bekletmeden i\u015flemleri sonu\u00e7land\u0131rmam\u0131z\u0131 sa\u011flamaktad\u0131r.<\/p>\n<p>T\u0131bbi cihazlara verilecek teknik servis hizmetlerinin standartlara uygun ve kaliteli olmas\u0131 gerekir. \u0130stenen kaliteyi sa\u011flayabilmek i\u00e7in hem servisi yapan ki\u015filer hem de serviste kullan\u0131lan ekipmanlar \u00e7ok \u00f6nemlidir. Ayr\u0131ca, servis i\u015flemleri biten t\u0131bbi cihazlar\u0131n son kontrolleri s\u0131ras\u0131nda kalibrasyonlar\u0131n\u0131n da yap\u0131lmas\u0131 gerekir. Bu sayede cihazlar\u0131n servis i\u015flemlerinin do\u011frulu\u011fu raporlan\u0131r.<\/p>\n<p>\u015eirketimiz medikal cihazlar\u0131n onar\u0131m ve teknik servis hizmetlerini yurt i\u00e7i ve yurt d\u0131\u015f\u0131 her alanda vermeye haz\u0131rd\u0131r. Olu\u015fturulan alt yap\u0131m\u0131z sayesinde t\u00fcm i\u015flemler \u015feffaf bir \u015fekilde raporlan\u0131r ve geriye d\u00f6n\u00fck takip edilir. Konusunda e\u011fitimli ve uzman kadromuz, m\u00fc\u015fterilerimize istedikleri her an destek vermekten mutluluk duymaktad\u0131r.<\/p>\n<p>T\u00fcm hizmetlerimizi yerel, ulusal ve uluslararas\u0131 \u00f6l\u00e7ekte sa\u011flayabilmekteyiz. Bu hizmetimiz hakk\u0131nda daha detayl\u0131 bilgi almak i\u00e7in l\u00fctfen bizimle ileti\u015fime ge\u00e7in.<\/p>\n<p>&nbsp;<\/p>\n<hr \/>\n<hr \/>\n<p>&nbsp;<\/p>\n<h3 id=\"yedek-cihaz\">Yedek Cihaz<\/h3>\n<p>Tedavi s\u00fcrecinin\u00a0ne kadar \u00f6nemli\u00a0oldu\u011funu biliyoruz. Bu sebeple, sat\u0131\u015f\u0131n\u0131 yapm\u0131\u015f oldu\u011fumuz cihazlara ili\u015fkin \u00fccretli veya \u00fccretsiz \u015fekilde yedek cihaz temin etmekteyiz. B\u00f6ylece tedavinin kesintisiz olarak devam etmesini sa\u011flamaktay\u0131z. Bak\u0131m, onar\u0131m veya kalibrasyon hizmeti alan m\u00fc\u015fterilerimiz de bu hizmetten yararlanabilirler.<\/p>\n<p>Yedek t\u0131bbi cihaz hizmetimiz hem garanti dahilindeki hem de garanti haricindeki cihazlar i\u00e7in verilmektedir. Hastanelerde veya evlerde kullan\u0131lan t\u00fcm cihazlar i\u00e7in yedek cihaz hizmeti sa\u011flayabilmekteyiz.<\/p>\n<p>T\u00fcm hizmetlerimizi yerel, ulusal ve uluslararas\u0131 \u00f6l\u00e7ekte sa\u011flayabilmekteyiz. Bu hizmetimiz hakk\u0131nda daha detayl\u0131 bilgi almak i\u00e7in l\u00fctfen bizimle ileti\u015fime ge\u00e7in.<\/p>\n<p>[\/et_pb_text][\/et_pb_column][\/et_pb_row][\/et_pb_section]<\/p>\n","protected":false},"excerpt":{"rendered":"<p>Sesan, reliable address in medical products! Our name has been Sesan since we started to provide technical services in the health sector in 1988.<\/p>\n","protected":false},"author":1,"featured_media":103925,"parent":223667,"menu_order":2,"comment_status":"closed","ping_status":"closed","template":"","meta":{"_et_pb_use_builder":"on","_et_pb_old_content":"","_et_gb_content_width":"","_joinchat":[],"footnotes":""},"class_list":["post-223671","page","type-page","status-publish","has-post-thumbnail","hentry"],"yoast_head":"<!-- This site is optimized with the Yoast SEO plugin v27.5 - https:\/\/yoast.com\/product\/yoast-seo-wordpress\/ -->\n<title>Technical Services - Sesan<\/title>\n<meta name=\"description\" content=\"Sesan, reliable address in medical products! Our name has been Sesan since we started to provide technical services in the health sector in 1988.\" \/>\n<meta name=\"robots\" content=\"index, follow, max-snippet:-1, max-image-preview:large, max-video-preview:-1\" \/>\n<link rel=\"canonical\" href=\"https:\/\/sesanltd.com.tr\/en\/services\/technical-services\/\" \/>\n<meta property=\"og:locale\" content=\"en_US\" \/>\n<meta property=\"og:type\" content=\"article\" \/>\n<meta property=\"og:title\" content=\"Technical Services - Sesan\" \/>\n<meta property=\"og:description\" content=\"Sesan, reliable address in medical products! Our name has been Sesan since we started to provide technical services in the health sector in 1988.\" \/>\n<meta property=\"og:url\" content=\"https:\/\/sesanltd.com.tr\/en\/services\/technical-services\/\" \/>\n<meta property=\"og:site_name\" content=\"Sesan\" \/>\n<meta property=\"article:publisher\" content=\"https:\/\/www.facebook.com\/www.sesanltd.com.tr\" \/>\n<meta property=\"article:modified_time\" content=\"2025-08-12T16:36:04+00:00\" \/>\n<meta property=\"og:image\" content=\"https:\/\/sesanltd.com.tr\/wp-content\/uploads\/2020\/01\/sesan1000x1000.png\" \/>\n\t<meta property=\"og:image:width\" content=\"1000\" \/>\n\t<meta property=\"og:image:height\" content=\"1000\" \/>\n\t<meta property=\"og:image:type\" content=\"image\/png\" \/>\n<meta name=\"twitter:card\" content=\"summary_large_image\" \/>\n<meta name=\"twitter:site\" content=\"@sesanltd\" \/>\n<script type=\"application\/ld+json\" class=\"yoast-schema-graph\">{\"@context\":\"https:\\\/\\\/schema.org\",\"@graph\":[{\"@type\":\"WebPage\",\"@id\":\"https:\\\/\\\/sesanltd.com.tr\\\/en\\\/services\\\/technical-services\\\/\",\"url\":\"https:\\\/\\\/sesanltd.com.tr\\\/en\\\/services\\\/technical-services\\\/\",\"name\":\"Technical Services - Sesan\",\"isPartOf\":{\"@id\":\"https:\\\/\\\/sesanltd.com.tr\\\/en\\\/#website\"},\"primaryImageOfPage\":{\"@id\":\"https:\\\/\\\/sesanltd.com.tr\\\/en\\\/services\\\/technical-services\\\/#primaryimage\"},\"image\":{\"@id\":\"https:\\\/\\\/sesanltd.com.tr\\\/en\\\/services\\\/technical-services\\\/#primaryimage\"},\"thumbnailUrl\":\"https:\\\/\\\/sesanltd.com.tr\\\/wp-content\\\/uploads\\\/2020\\\/01\\\/sesan1000x1000.png\",\"datePublished\":\"2014-01-01T05:00:52+00:00\",\"dateModified\":\"2025-08-12T16:36:04+00:00\",\"description\":\"Sesan, reliable address in medical products! Our name has been Sesan since we started to provide technical services in the health sector in 1988.\",\"breadcrumb\":{\"@id\":\"https:\\\/\\\/sesanltd.com.tr\\\/en\\\/services\\\/technical-services\\\/#breadcrumb\"},\"inLanguage\":\"en-US\",\"potentialAction\":[{\"@type\":\"ReadAction\",\"target\":[\"https:\\\/\\\/sesanltd.com.tr\\\/en\\\/services\\\/technical-services\\\/\"]}]},{\"@type\":\"ImageObject\",\"inLanguage\":\"en-US\",\"@id\":\"https:\\\/\\\/sesanltd.com.tr\\\/en\\\/services\\\/technical-services\\\/#primaryimage\",\"url\":\"https:\\\/\\\/sesanltd.com.tr\\\/wp-content\\\/uploads\\\/2020\\\/01\\\/sesan1000x1000.png\",\"contentUrl\":\"https:\\\/\\\/sesanltd.com.tr\\\/wp-content\\\/uploads\\\/2020\\\/01\\\/sesan1000x1000.png\",\"width\":1000,\"height\":1000},{\"@type\":\"BreadcrumbList\",\"@id\":\"https:\\\/\\\/sesanltd.com.tr\\\/en\\\/services\\\/technical-services\\\/#breadcrumb\",\"itemListElement\":[{\"@type\":\"ListItem\",\"position\":1,\"name\":\"Home\",\"item\":\"https:\\\/\\\/sesanltd.com.tr\\\/en\\\/\"},{\"@type\":\"ListItem\",\"position\":2,\"name\":\"Services\",\"item\":\"https:\\\/\\\/sesanltd.com.tr\\\/en\\\/services\\\/\"},{\"@type\":\"ListItem\",\"position\":3,\"name\":\"Technical Services\"}]},{\"@type\":\"WebSite\",\"@id\":\"https:\\\/\\\/sesanltd.com.tr\\\/en\\\/#website\",\"url\":\"https:\\\/\\\/sesanltd.com.tr\\\/en\\\/\",\"name\":\"Sesan\",\"description\":\"Sesan, medikal \u00fcr\u00fcnlerde g\u00fcvenilir adres!\",\"potentialAction\":[{\"@type\":\"SearchAction\",\"target\":{\"@type\":\"EntryPoint\",\"urlTemplate\":\"https:\\\/\\\/sesanltd.com.tr\\\/en\\\/?s={search_term_string}\"},\"query-input\":{\"@type\":\"PropertyValueSpecification\",\"valueRequired\":true,\"valueName\":\"search_term_string\"}}],\"inLanguage\":\"en-US\"}]}<\/script>\n<!-- \/ Yoast SEO plugin. -->","yoast_head_json":{"title":"Technical Services - Sesan","description":"Sesan, reliable address in medical products! Our name has been Sesan since we started to provide technical services in the health sector in 1988.","robots":{"index":"index","follow":"follow","max-snippet":"max-snippet:-1","max-image-preview":"max-image-preview:large","max-video-preview":"max-video-preview:-1"},"canonical":"https:\/\/sesanltd.com.tr\/en\/services\/technical-services\/","og_locale":"en_US","og_type":"article","og_title":"Technical Services - Sesan","og_description":"Sesan, reliable address in medical products! Our name has been Sesan since we started to provide technical services in the health sector in 1988.","og_url":"https:\/\/sesanltd.com.tr\/en\/services\/technical-services\/","og_site_name":"Sesan","article_publisher":"https:\/\/www.facebook.com\/www.sesanltd.com.tr","article_modified_time":"2025-08-12T16:36:04+00:00","og_image":[{"width":1000,"height":1000,"url":"https:\/\/sesanltd.com.tr\/wp-content\/uploads\/2020\/01\/sesan1000x1000.png","type":"image\/png"}],"twitter_card":"summary_large_image","twitter_site":"@sesanltd","schema":{"@context":"https:\/\/schema.org","@graph":[{"@type":"WebPage","@id":"https:\/\/sesanltd.com.tr\/en\/services\/technical-services\/","url":"https:\/\/sesanltd.com.tr\/en\/services\/technical-services\/","name":"Technical Services - Sesan","isPartOf":{"@id":"https:\/\/sesanltd.com.tr\/en\/#website"},"primaryImageOfPage":{"@id":"https:\/\/sesanltd.com.tr\/en\/services\/technical-services\/#primaryimage"},"image":{"@id":"https:\/\/sesanltd.com.tr\/en\/services\/technical-services\/#primaryimage"},"thumbnailUrl":"https:\/\/sesanltd.com.tr\/wp-content\/uploads\/2020\/01\/sesan1000x1000.png","datePublished":"2014-01-01T05:00:52+00:00","dateModified":"2025-08-12T16:36:04+00:00","description":"Sesan, reliable address in medical products! Our name has been Sesan since we started to provide technical services in the health sector in 1988.","breadcrumb":{"@id":"https:\/\/sesanltd.com.tr\/en\/services\/technical-services\/#breadcrumb"},"inLanguage":"en-US","potentialAction":[{"@type":"ReadAction","target":["https:\/\/sesanltd.com.tr\/en\/services\/technical-services\/"]}]},{"@type":"ImageObject","inLanguage":"en-US","@id":"https:\/\/sesanltd.com.tr\/en\/services\/technical-services\/#primaryimage","url":"https:\/\/sesanltd.com.tr\/wp-content\/uploads\/2020\/01\/sesan1000x1000.png","contentUrl":"https:\/\/sesanltd.com.tr\/wp-content\/uploads\/2020\/01\/sesan1000x1000.png","width":1000,"height":1000},{"@type":"BreadcrumbList","@id":"https:\/\/sesanltd.com.tr\/en\/services\/technical-services\/#breadcrumb","itemListElement":[{"@type":"ListItem","position":1,"name":"Home","item":"https:\/\/sesanltd.com.tr\/en\/"},{"@type":"ListItem","position":2,"name":"Services","item":"https:\/\/sesanltd.com.tr\/en\/services\/"},{"@type":"ListItem","position":3,"name":"Technical Services"}]},{"@type":"WebSite","@id":"https:\/\/sesanltd.com.tr\/en\/#website","url":"https:\/\/sesanltd.com.tr\/en\/","name":"Sesan","description":"Sesan, medikal \u00fcr\u00fcnlerde g\u00fcvenilir adres!","potentialAction":[{"@type":"SearchAction","target":{"@type":"EntryPoint","urlTemplate":"https:\/\/sesanltd.com.tr\/en\/?s={search_term_string}"},"query-input":{"@type":"PropertyValueSpecification","valueRequired":true,"valueName":"search_term_string"}}],"inLanguage":"en-US"}]}},"_links":{"self":[{"href":"https:\/\/sesanltd.com.tr\/en\/wp-json\/wp\/v2\/pages\/223671","targetHints":{"allow":["GET"]}}],"collection":[{"href":"https:\/\/sesanltd.com.tr\/en\/wp-json\/wp\/v2\/pages"}],"about":[{"href":"https:\/\/sesanltd.com.tr\/en\/wp-json\/wp\/v2\/types\/page"}],"author":[{"embeddable":true,"href":"https:\/\/sesanltd.com.tr\/en\/wp-json\/wp\/v2\/users\/1"}],"replies":[{"embeddable":true,"href":"https:\/\/sesanltd.com.tr\/en\/wp-json\/wp\/v2\/comments?post=223671"}],"version-history":[{"count":0,"href":"https:\/\/sesanltd.com.tr\/en\/wp-json\/wp\/v2\/pages\/223671\/revisions"}],"up":[{"embeddable":true,"href":"https:\/\/sesanltd.com.tr\/en\/wp-json\/wp\/v2\/pages\/223667"}],"wp:featuredmedia":[{"embeddable":true,"href":"https:\/\/sesanltd.com.tr\/en\/wp-json\/wp\/v2\/media\/103925"}],"wp:attachment":[{"href":"https:\/\/sesanltd.com.tr\/en\/wp-json\/wp\/v2\/media?parent=223671"}],"curies":[{"name":"wp","href":"https:\/\/api.w.org\/{rel}","templated":true}]}}