{"id":223490,"date":"2014-01-01T07:00:32","date_gmt":"2014-01-01T05:00:32","guid":{"rendered":"https:\/\/sesanltd.com.tr\/corporate\/insan-kaynaklari\/"},"modified":"2025-08-12T19:18:08","modified_gmt":"2025-08-12T16:18:08","slug":"human-resources","status":"publish","type":"page","link":"https:\/\/sesanltd.com.tr\/en\/corporate\/human-resources\/","title":{"rendered":"Human Resources"},"content":{"rendered":"<p>[et_pb_section fb_built=&#8221;1&#8243; fullwidth=&#8221;on&#8221; admin_label=&#8221;section&#8221; _builder_version=&#8221;4.16&#8243; custom_padding=&#8221;|||&#8221; global_colors_info=&#8221;{}&#8221;][et_pb_fullwidth_header title=&#8221;@ET-DC@eyJkeW5hbWljIjp0cnVlLCJjb250ZW50IjoicG9zdF90aXRsZSIsInNldHRpbmdzIjp7ImJlZm9yZSI6IiIsImFmdGVyIjoiIn19@&#8221; scroll_down_icon_size_last_edited=&#8221;off|desktop&#8221; _builder_version=&#8221;4.27.4&#8243; hover_enabled=&#8221;0&#8243; content_font_size_last_edited=&#8221;off|desktop&#8221; background_url=&#8221;\/wp-content\/uploads\/2017\/04\/Kurumsal-3.jpg&#8221; global_colors_info=&#8221;{}&#8221; button_one_text_size__hover_enabled=&#8221;off&#8221; button_two_text_size__hover_enabled=&#8221;off&#8221; button_one_text_color__hover_enabled=&#8221;off&#8221; button_two_text_color__hover_enabled=&#8221;off&#8221; button_one_border_width__hover_enabled=&#8221;off&#8221; button_two_border_width__hover_enabled=&#8221;off&#8221; button_one_border_color__hover_enabled=&#8221;off&#8221; button_two_border_color__hover_enabled=&#8221;off&#8221; button_one_border_radius__hover_enabled=&#8221;off&#8221; button_two_border_radius__hover_enabled=&#8221;off&#8221; button_one_letter_spacing__hover_enabled=&#8221;off&#8221; button_two_letter_spacing__hover_enabled=&#8221;off&#8221; button_one_bg_color__hover_enabled=&#8221;off&#8221; button_two_bg_color__hover_enabled=&#8221;off&#8221; _dynamic_attributes=&#8221;title&#8221; sticky_enabled=&#8221;0&#8243;][\/et_pb_fullwidth_header][\/et_pb_section][et_pb_section fb_built=&#8221;1&#8243; fullwidth=&#8221;on&#8221; _builder_version=&#8221;4.16&#8243; saved_tabs=&#8221;all&#8221; global_colors_info=&#8221;{}&#8221;][et_pb_fullwidth_menu menu_id=&#8221;8376&#8243; fullwidth_menu=&#8221;on&#8221; dropdown_menu_bg_color=&#8221;#000000&#8243; dropdown_menu_line_color=&#8221;#0c71c3&#8243; mobile_menu_bg_color=&#8221;#000000&#8243; _builder_version=&#8221;4.16&#8243; menu_font_size=&#8221;15px&#8221; menu_letter_spacing=&#8221;1px&#8221; background_color=&#8221;#000000&#8243; text_orientation=&#8221;center&#8221; background_layout=&#8221;dark&#8221; global_colors_info=&#8221;{}&#8221; custom_css_before_last_edited=&#8221;on|phone&#8221;][\/et_pb_fullwidth_menu][\/et_pb_section][et_pb_section fb_built=&#8221;1&#8243; admin_label=&#8221;section&#8221; _builder_version=&#8221;4.16&#8243; custom_padding=&#8221;|||&#8221; global_colors_info=&#8221;{}&#8221;][et_pb_row admin_label=&#8221;row&#8221; _builder_version=&#8221;4.16&#8243; background_size=&#8221;initial&#8221; background_position=&#8221;top_left&#8221; background_repeat=&#8221;repeat&#8221; custom_padding=&#8221;|||&#8221; global_colors_info=&#8221;{}&#8221;][et_pb_column type=&#8221;4_4&#8243; _builder_version=&#8221;4.16&#8243; custom_padding=&#8221;|||&#8221; global_colors_info=&#8221;{}&#8221; custom_padding__hover=&#8221;|||&#8221;][et_pb_text admin_label=&#8221;Metin&#8221; _builder_version=&#8221;4.27.4&#8243; background_size=&#8221;initial&#8221; background_position=&#8221;top_left&#8221; background_repeat=&#8221;repeat&#8221; module_alignment=&#8221;center&#8221; global_colors_info=&#8221;{}&#8221;]<\/p>\n<h2>Human Resources<\/h2>\n<p>[\/et_pb_text][\/et_pb_column][\/et_pb_row][\/et_pb_section][et_pb_section fb_built=&#8221;1&#8243; admin_label=&#8221;section&#8221; _builder_version=&#8221;4.16&#8243; custom_padding=&#8221;|||&#8221; global_colors_info=&#8221;{}&#8221;][et_pb_row admin_label=&#8221;row&#8221; _builder_version=&#8221;4.16&#8243; background_size=&#8221;initial&#8221; background_position=&#8221;top_left&#8221; background_repeat=&#8221;repeat&#8221; custom_padding=&#8221;|||&#8221; global_colors_info=&#8221;{}&#8221;][et_pb_column type=&#8221;4_4&#8243; _builder_version=&#8221;4.16&#8243; custom_padding=&#8221;|||&#8221; global_colors_info=&#8221;{}&#8221; custom_padding__hover=&#8221;|||&#8221;][et_pb_text admin_label=&#8221;Metin&#8221; _builder_version=&#8221;4.27.4&#8243; background_size=&#8221;initial&#8221; background_position=&#8221;top_left&#8221; background_repeat=&#8221;repeat&#8221; module_alignment=&#8221;center&#8221; global_colors_info=&#8221;{}&#8221;]<\/p>\n<p><a href=\"https:\/\/sesanltd.com.tr\/en\/corporate\/human-resources\/#ik-politikamiz\">\u0130K Politikam\u0131z<\/a><\/p>\n<p><a href=\"https:\/\/sesanltd.com.tr\/en\/corporate\/human-resources\/#kariyer-firsatlari\">Kariyer F\u0131rsatlar\u0131<\/a><\/p>\n<p><a href=\"https:\/\/sesanltd.com.tr\/en\/corporate\/human-resources\/#staj-firsatlari\">Staj F\u0131rsatlar\u0131<\/a><\/p>\n<p>&nbsp;<\/p>\n<hr \/>\n<hr \/>\n<p>&nbsp;<\/p>\n<h3 id=\"ik-politikamiz\">\u0130K Politikam\u0131z<\/h3>\n<p>Memnuniyet odakl\u0131 \u00e7al\u0131\u015fan \u015firketimiz i\u00e7in en \u00f6nemli kaynak insand\u0131r. M\u00fc\u015fterilerimize, yat\u0131r\u0131mc\u0131lar\u0131m\u0131za, \u00e7\u00f6z\u00fcm ortaklar\u0131m\u0131za ve di\u011fer t\u00fcm payda\u015flar\u0131m\u0131za her zaman daha iyisini sunmak ad\u0131na do\u011fru insan kayna\u011f\u0131n\u0131 do\u011fru i\u015fte istihdam etmeyi istiyoruz. D\u00fczenledi\u011fimiz \u015firket i\u00e7i e\u011fitimler sayesinde \u00e7al\u0131\u015fanlar\u0131m\u0131z\u0131n ki\u015fisel geli\u015fimini planl\u0131yoruz. B\u00f6ylece ortak hedeflerimize ula\u015fmay\u0131 ama\u00e7l\u0131yoruz.<\/p>\n<p>Ekip \u00e7al\u0131\u015fmas\u0131na uygun ortam\u0131 olu\u015fturmak, \u00e7al\u0131\u015fanlar\u0131n ki\u015fisel geli\u015fimlerine destek sa\u011flamak, hedefe y\u00f6nelik performans de\u011ferleme ile \u00f6d\u00fcl sistemi uygulamak, kariyer olanaklar\u0131 sa\u011flamak, adil \u00fccret politikas\u0131 uygulamak, din, dil, \u0131rk ayr\u0131m\u0131 olmaks\u0131z\u0131n her bireye e\u015fit yakla\u015f\u0131m sergilemek ilkelerini benimsiyoruz.<\/p>\n<p>&nbsp;<\/p>\n<hr \/>\n<hr \/>\n<p>&nbsp;<\/p>\n<h3 id=\"kariyer-firsatlari\">Kariyer F\u0131rsatlar\u0131<\/h3>\n<p>&#8220;\u0130K Politikam\u0131z&#8221; gere\u011fi her zaman en iyilerle \u00e7al\u0131\u015f\u0131r\u0131z. Sizi de bu ailenin bir par\u00e7as\u0131 olmaya davet ediyoruz. Tecr\u00fcbeli veya tecr\u00fcbesiz fark etmeksizin t\u00fcm adaylar\u0131 de\u011ferlendirme s\u00fcrecine al\u0131yoruz. Se\u00e7me ve yerle\u015ftirme s\u00fcrecinde uygun ki\u015fileri belirleyerek onlar\u0131 uygun g\u00f6revlere y\u00f6nlendiriyoruz.<\/p>\n<p>M\u00fc\u015fteri hizmetleri, muhasebe, sat\u0131n alma, stok, depo, sat\u0131\u015f, teknik servis, e-ticaret, sosyal medya, pazarlama, ithalat, ihracat, arge ve y\u00f6netim ile ilgili i\u015f ba\u015fvurular\u0131n\u0131z\u0131, ilgilendi\u011finiz departman bilgisini de yazarak, \u00f6z ge\u00e7mi\u015f belgenizle birlikte e-posta adresimize g\u00f6ndererek yapabilirsiniz.<\/p>\n<p>&nbsp;<\/p>\n<hr \/>\n<hr \/>\n<p>&nbsp;<\/p>\n<h3 id=\"staj-firsatlari\">Staj F\u0131rsatlar\u0131<\/h3>\n<p>Lise ve \u00fcniversite \u00f6\u011frencilerine i\u015f hayat\u0131n\u0131 \u00f6\u011frenciyken deneyimleme f\u0131rsat\u0131 sunuyoruz. K\u0131sa ve uzun d\u00f6nem staj imkan\u0131 sa\u011fl\u0131yoruz. Stajyer aday\u0131 \u00f6\u011frencilerle m\u00fclakatlar yaparak onlar\u0131 do\u011fru pozisyonlara yerle\u015ftiriyoruz. Staj s\u00fcresince g\u00f6revler ve sorumluluklar vererek geli\u015fimlerine katk\u0131 sa\u011flamaya \u00e7al\u0131\u015f\u0131yoruz. Stajyerlerimiz mezuniyetlerinden sonra ise, \u015firketin se\u00e7me ve yerle\u015ftirme s\u00fcrecinde \u00f6ncelikli aday oluyorlar.<\/p>\n<p>M\u00fc\u015fteri hizmetleri, muhasebe, sat\u0131n alma, stok, depo, sat\u0131\u015f, teknik servis, e-ticaret, sosyal medya, pazarlama, ithalat, ihracat, arge ve y\u00f6netim ile ilgili staj ba\u015fvurular\u0131n\u0131z\u0131, ilgilendi\u011finiz departman bilgisini de yazarak, \u00f6z ge\u00e7mi\u015f belgenizle birlikte e-posta adresimize g\u00f6ndererek yapabilirsiniz.<\/p>\n<p>[\/et_pb_text][\/et_pb_column][\/et_pb_row][\/et_pb_section]<\/p>\n","protected":false},"excerpt":{"rendered":"<p>Sesan, reliable address in medical products! Our name has been Sesan since we started to provide technical services in the health sector in 1988.<\/p>\n","protected":false},"author":1,"featured_media":103925,"parent":223474,"menu_order":2,"comment_status":"closed","ping_status":"closed","template":"","meta":{"_et_pb_use_builder":"on","_et_pb_old_content":"<ul><li><a href=\"http:\/\/sesanltd.com.tr\/kurumsal\/insan-kaynaklari\/insan-kaynaklari-politikamiz\/\">\u0130nsan Kaynaklar\u0131 Politikam\u0131z<\/a><\/li><li><a href=\"http:\/\/sesanltd.com.tr\/kurumsal\/insan-kaynaklari\/kariyer-firsatlari\/\">Kariyer F\u0131rsatlar\u0131<\/a><\/li><\/ul>","_et_gb_content_width":"","_joinchat":[],"footnotes":""},"class_list":["post-223490","page","type-page","status-publish","has-post-thumbnail","hentry"],"yoast_head":"<!-- This site is optimized with the Yoast SEO plugin v27.5 - https:\/\/yoast.com\/product\/yoast-seo-wordpress\/ -->\n<title>Human Resources - Sesan<\/title>\n<meta name=\"description\" content=\"Sesan, reliable address in medical products! Our name has been Sesan since we started to provide technical services in the health sector in 1988.\" \/>\n<meta name=\"robots\" content=\"index, follow, max-snippet:-1, max-image-preview:large, max-video-preview:-1\" \/>\n<link rel=\"canonical\" href=\"https:\/\/sesanltd.com.tr\/en\/corporate\/human-resources\/\" \/>\n<meta property=\"og:locale\" content=\"en_US\" \/>\n<meta property=\"og:type\" content=\"article\" \/>\n<meta property=\"og:title\" content=\"Human Resources - Sesan\" \/>\n<meta property=\"og:description\" content=\"Sesan, reliable address in medical products! Our name has been Sesan since we started to provide technical services in the health sector in 1988.\" \/>\n<meta property=\"og:url\" content=\"https:\/\/sesanltd.com.tr\/en\/corporate\/human-resources\/\" \/>\n<meta property=\"og:site_name\" content=\"Sesan\" \/>\n<meta property=\"article:publisher\" content=\"https:\/\/www.facebook.com\/www.sesanltd.com.tr\" \/>\n<meta property=\"article:modified_time\" content=\"2025-08-12T16:18:08+00:00\" \/>\n<meta property=\"og:image\" content=\"https:\/\/sesanltd.com.tr\/wp-content\/uploads\/2020\/01\/sesan1000x1000.png\" \/>\n\t<meta property=\"og:image:width\" content=\"1000\" \/>\n\t<meta property=\"og:image:height\" content=\"1000\" \/>\n\t<meta property=\"og:image:type\" content=\"image\/png\" \/>\n<meta name=\"twitter:card\" content=\"summary_large_image\" \/>\n<meta name=\"twitter:site\" content=\"@sesanltd\" \/>\n<script type=\"application\/ld+json\" class=\"yoast-schema-graph\">{\"@context\":\"https:\\\/\\\/schema.org\",\"@graph\":[{\"@type\":\"WebPage\",\"@id\":\"https:\\\/\\\/sesanltd.com.tr\\\/en\\\/corporate\\\/human-resources\\\/\",\"url\":\"https:\\\/\\\/sesanltd.com.tr\\\/en\\\/corporate\\\/human-resources\\\/\",\"name\":\"Human Resources - Sesan\",\"isPartOf\":{\"@id\":\"https:\\\/\\\/sesanltd.com.tr\\\/en\\\/#website\"},\"primaryImageOfPage\":{\"@id\":\"https:\\\/\\\/sesanltd.com.tr\\\/en\\\/corporate\\\/human-resources\\\/#primaryimage\"},\"image\":{\"@id\":\"https:\\\/\\\/sesanltd.com.tr\\\/en\\\/corporate\\\/human-resources\\\/#primaryimage\"},\"thumbnailUrl\":\"https:\\\/\\\/sesanltd.com.tr\\\/wp-content\\\/uploads\\\/2020\\\/01\\\/sesan1000x1000.png\",\"datePublished\":\"2014-01-01T05:00:32+00:00\",\"dateModified\":\"2025-08-12T16:18:08+00:00\",\"description\":\"Sesan, reliable address in medical products! Our name has been Sesan since we started to provide technical services in the health sector in 1988.\",\"breadcrumb\":{\"@id\":\"https:\\\/\\\/sesanltd.com.tr\\\/en\\\/corporate\\\/human-resources\\\/#breadcrumb\"},\"inLanguage\":\"en-US\",\"potentialAction\":[{\"@type\":\"ReadAction\",\"target\":[\"https:\\\/\\\/sesanltd.com.tr\\\/en\\\/corporate\\\/human-resources\\\/\"]}]},{\"@type\":\"ImageObject\",\"inLanguage\":\"en-US\",\"@id\":\"https:\\\/\\\/sesanltd.com.tr\\\/en\\\/corporate\\\/human-resources\\\/#primaryimage\",\"url\":\"https:\\\/\\\/sesanltd.com.tr\\\/wp-content\\\/uploads\\\/2020\\\/01\\\/sesan1000x1000.png\",\"contentUrl\":\"https:\\\/\\\/sesanltd.com.tr\\\/wp-content\\\/uploads\\\/2020\\\/01\\\/sesan1000x1000.png\",\"width\":1000,\"height\":1000},{\"@type\":\"BreadcrumbList\",\"@id\":\"https:\\\/\\\/sesanltd.com.tr\\\/en\\\/corporate\\\/human-resources\\\/#breadcrumb\",\"itemListElement\":[{\"@type\":\"ListItem\",\"position\":1,\"name\":\"Home\",\"item\":\"https:\\\/\\\/sesanltd.com.tr\\\/en\\\/\"},{\"@type\":\"ListItem\",\"position\":2,\"name\":\"Corporate\",\"item\":\"https:\\\/\\\/sesanltd.com.tr\\\/en\\\/corporate\\\/\"},{\"@type\":\"ListItem\",\"position\":3,\"name\":\"Human Resources\"}]},{\"@type\":\"WebSite\",\"@id\":\"https:\\\/\\\/sesanltd.com.tr\\\/en\\\/#website\",\"url\":\"https:\\\/\\\/sesanltd.com.tr\\\/en\\\/\",\"name\":\"Sesan\",\"description\":\"Sesan, medikal \u00fcr\u00fcnlerde g\u00fcvenilir adres!\",\"potentialAction\":[{\"@type\":\"SearchAction\",\"target\":{\"@type\":\"EntryPoint\",\"urlTemplate\":\"https:\\\/\\\/sesanltd.com.tr\\\/en\\\/?s={search_term_string}\"},\"query-input\":{\"@type\":\"PropertyValueSpecification\",\"valueRequired\":true,\"valueName\":\"search_term_string\"}}],\"inLanguage\":\"en-US\"}]}<\/script>\n<!-- \/ Yoast SEO plugin. -->","yoast_head_json":{"title":"Human Resources - Sesan","description":"Sesan, reliable address in medical products! Our name has been Sesan since we started to provide technical services in the health sector in 1988.","robots":{"index":"index","follow":"follow","max-snippet":"max-snippet:-1","max-image-preview":"max-image-preview:large","max-video-preview":"max-video-preview:-1"},"canonical":"https:\/\/sesanltd.com.tr\/en\/corporate\/human-resources\/","og_locale":"en_US","og_type":"article","og_title":"Human Resources - Sesan","og_description":"Sesan, reliable address in medical products! Our name has been Sesan since we started to provide technical services in the health sector in 1988.","og_url":"https:\/\/sesanltd.com.tr\/en\/corporate\/human-resources\/","og_site_name":"Sesan","article_publisher":"https:\/\/www.facebook.com\/www.sesanltd.com.tr","article_modified_time":"2025-08-12T16:18:08+00:00","og_image":[{"width":1000,"height":1000,"url":"https:\/\/sesanltd.com.tr\/wp-content\/uploads\/2020\/01\/sesan1000x1000.png","type":"image\/png"}],"twitter_card":"summary_large_image","twitter_site":"@sesanltd","schema":{"@context":"https:\/\/schema.org","@graph":[{"@type":"WebPage","@id":"https:\/\/sesanltd.com.tr\/en\/corporate\/human-resources\/","url":"https:\/\/sesanltd.com.tr\/en\/corporate\/human-resources\/","name":"Human Resources - Sesan","isPartOf":{"@id":"https:\/\/sesanltd.com.tr\/en\/#website"},"primaryImageOfPage":{"@id":"https:\/\/sesanltd.com.tr\/en\/corporate\/human-resources\/#primaryimage"},"image":{"@id":"https:\/\/sesanltd.com.tr\/en\/corporate\/human-resources\/#primaryimage"},"thumbnailUrl":"https:\/\/sesanltd.com.tr\/wp-content\/uploads\/2020\/01\/sesan1000x1000.png","datePublished":"2014-01-01T05:00:32+00:00","dateModified":"2025-08-12T16:18:08+00:00","description":"Sesan, reliable address in medical products! Our name has been Sesan since we started to provide technical services in the health sector in 1988.","breadcrumb":{"@id":"https:\/\/sesanltd.com.tr\/en\/corporate\/human-resources\/#breadcrumb"},"inLanguage":"en-US","potentialAction":[{"@type":"ReadAction","target":["https:\/\/sesanltd.com.tr\/en\/corporate\/human-resources\/"]}]},{"@type":"ImageObject","inLanguage":"en-US","@id":"https:\/\/sesanltd.com.tr\/en\/corporate\/human-resources\/#primaryimage","url":"https:\/\/sesanltd.com.tr\/wp-content\/uploads\/2020\/01\/sesan1000x1000.png","contentUrl":"https:\/\/sesanltd.com.tr\/wp-content\/uploads\/2020\/01\/sesan1000x1000.png","width":1000,"height":1000},{"@type":"BreadcrumbList","@id":"https:\/\/sesanltd.com.tr\/en\/corporate\/human-resources\/#breadcrumb","itemListElement":[{"@type":"ListItem","position":1,"name":"Home","item":"https:\/\/sesanltd.com.tr\/en\/"},{"@type":"ListItem","position":2,"name":"Corporate","item":"https:\/\/sesanltd.com.tr\/en\/corporate\/"},{"@type":"ListItem","position":3,"name":"Human Resources"}]},{"@type":"WebSite","@id":"https:\/\/sesanltd.com.tr\/en\/#website","url":"https:\/\/sesanltd.com.tr\/en\/","name":"Sesan","description":"Sesan, medikal \u00fcr\u00fcnlerde g\u00fcvenilir adres!","potentialAction":[{"@type":"SearchAction","target":{"@type":"EntryPoint","urlTemplate":"https:\/\/sesanltd.com.tr\/en\/?s={search_term_string}"},"query-input":{"@type":"PropertyValueSpecification","valueRequired":true,"valueName":"search_term_string"}}],"inLanguage":"en-US"}]}},"_links":{"self":[{"href":"https:\/\/sesanltd.com.tr\/en\/wp-json\/wp\/v2\/pages\/223490","targetHints":{"allow":["GET"]}}],"collection":[{"href":"https:\/\/sesanltd.com.tr\/en\/wp-json\/wp\/v2\/pages"}],"about":[{"href":"https:\/\/sesanltd.com.tr\/en\/wp-json\/wp\/v2\/types\/page"}],"author":[{"embeddable":true,"href":"https:\/\/sesanltd.com.tr\/en\/wp-json\/wp\/v2\/users\/1"}],"replies":[{"embeddable":true,"href":"https:\/\/sesanltd.com.tr\/en\/wp-json\/wp\/v2\/comments?post=223490"}],"version-history":[{"count":0,"href":"https:\/\/sesanltd.com.tr\/en\/wp-json\/wp\/v2\/pages\/223490\/revisions"}],"up":[{"embeddable":true,"href":"https:\/\/sesanltd.com.tr\/en\/wp-json\/wp\/v2\/pages\/223474"}],"wp:featuredmedia":[{"embeddable":true,"href":"https:\/\/sesanltd.com.tr\/en\/wp-json\/wp\/v2\/media\/103925"}],"wp:attachment":[{"href":"https:\/\/sesanltd.com.tr\/en\/wp-json\/wp\/v2\/media?parent=223490"}],"curies":[{"name":"wp","href":"https:\/\/api.w.org\/{rel}","templated":true}]}}